{"id":318,"date":"2026-01-22T13:48:13","date_gmt":"2026-01-22T12:48:13","guid":{"rendered":"https:\/\/lespapysprecieux.com\/?page_id=318"},"modified":"2026-02-21T13:30:53","modified_gmt":"2026-02-21T12:30:53","slug":"nos-produits","status":"publish","type":"page","link":"https:\/\/lespapysprecieux.com\/index.php\/nos-produits\/","title":{"rendered":"Nos produits"},"content":{"rendered":"\n<p class=\"has-text-align-center\">Vous aimez le <strong>style<\/strong>, le <strong>confort<\/strong>\u2026 et un brin d\u2019exclusivit\u00e9 ? Alors nos <strong>t-shirts <\/strong>et <strong>sweats brod\u00e9s<\/strong> \u00ab\u202fLes Papys Pr\u00e9cieux\u202f\u00bb sont faits pour vous ! Mais attention : ils ne se trouvent&nbsp;<strong>nulle part ailleurs que sur place<\/strong>. Oui, vous avez bien lu. Vous devrez donc faire un petit d\u00e9placement\u2026 mais c\u2019est pour la bonne cause : se vanter d\u2019avoir un produit&nbsp;<strong>ultra exclusif<\/strong>&nbsp;qui n\u2019existe nulle part ailleurs !<\/p>\n\n\n\n<div style=\"height:50px\" aria-hidden=\"true\" class=\"wp-block-spacer\"><\/div>\n\n\n\n<div class=\"wp-block-media-text is-stacked-on-mobile has-white-color has-text-color has-background has-link-color wp-elements-1341086840639996870169f6c537c5c5\" style=\"border-top-left-radius:20px;border-top-right-radius:20px;border-bottom-left-radius:20px;border-bottom-right-radius:20px;background-color:#20321e;padding-top:var(--wp--preset--spacing--60);padding-right:var(--wp--preset--spacing--60);padding-bottom:var(--wp--preset--spacing--60);padding-left:var(--wp--preset--spacing--60)\"><figure class=\"wp-block-media-text__media\"><img loading=\"lazy\" decoding=\"async\" width=\"683\" height=\"1024\" src=\"https:\/\/lespapysprecieux.com\/wp-content\/uploads\/2026\/01\/IMG_4666-1-683x1024.png\" alt=\"\" class=\"wp-image-855 size-full\" srcset=\"https:\/\/lespapysprecieux.com\/wp-content\/uploads\/2026\/01\/IMG_4666-1-683x1024.png 683w, https:\/\/lespapysprecieux.com\/wp-content\/uploads\/2026\/01\/IMG_4666-1-200x300.png 200w, https:\/\/lespapysprecieux.com\/wp-content\/uploads\/2026\/01\/IMG_4666-1-768x1152.png 768w, https:\/\/lespapysprecieux.com\/wp-content\/uploads\/2026\/01\/IMG_4666-1-1024x1536.png 1024w, https:\/\/lespapysprecieux.com\/wp-content\/uploads\/2026\/01\/IMG_4666-1-1365x2048.png 1365w, https:\/\/lespapysprecieux.com\/wp-content\/uploads\/2026\/01\/IMG_4666-1-scaled.png 1707w\" sizes=\"auto, (max-width: 683px) 100vw, 683px\" \/><\/figure><div class=\"wp-block-media-text__content\">\n<p><strong>LES SWEATS<\/strong><\/p>\n\n\n\n<p><strong>Chaleur et confort<\/strong> : Confectionn\u00e9s dans une mati\u00e8re alliant&nbsp;<strong>85 % de coton biologique<\/strong>&nbsp;et&nbsp;<strong>15 % de polyester recycl\u00e9<\/strong>, ils offrent une douceur naturelle et une excellente isolation, id\u00e9als pour affronter les journ\u00e9es fra\u00eeches avec style.&nbsp;<\/p>\n\n\n\n<p><strong>Broderie \u00e9l\u00e9gante<\/strong>&nbsp;: Le logo \u00ab\u202fLes Papys Pr\u00e9cieux\u202f\u00bb <strong>brod\u00e9 sur le torse<\/strong> pour afficher fi\u00e8rement votre appartenance \u00e0 notre communaut\u00e9.<\/p>\n\n\n\n<p><strong>Coupe moderne<\/strong>&nbsp;: Disponible en plusieurs tailles, de quoi satisfaire tous les Papys et Mamys !<\/p>\n<\/div><\/div>\n\n\n\n<div style=\"height:50px\" aria-hidden=\"true\" class=\"wp-block-spacer\"><\/div>\n\n\n\n<div class=\"wp-block-media-text is-stacked-on-mobile\"><figure class=\"wp-block-media-text__media\"><img loading=\"lazy\" decoding=\"async\" width=\"1024\" height=\"520\" src=\"https:\/\/lespapysprecieux.com\/wp-content\/uploads\/2026\/02\/Sujet-1-1024x520.png\" alt=\"\" class=\"wp-image-953 size-full\" srcset=\"https:\/\/lespapysprecieux.com\/wp-content\/uploads\/2026\/02\/Sujet-1-1024x520.png 1024w, https:\/\/lespapysprecieux.com\/wp-content\/uploads\/2026\/02\/Sujet-1-300x152.png 300w, https:\/\/lespapysprecieux.com\/wp-content\/uploads\/2026\/02\/Sujet-1-768x390.png 768w, https:\/\/lespapysprecieux.com\/wp-content\/uploads\/2026\/02\/Sujet-1-1536x780.png 1536w, https:\/\/lespapysprecieux.com\/wp-content\/uploads\/2026\/02\/Sujet-1-2048x1040.png 2048w\" sizes=\"auto, (max-width: 1024px) 100vw, 1024px\" \/><\/figure><div class=\"wp-block-media-text__content\">\n<p><strong>Envie de faire plaisir<\/strong> sans vous tromper ? Pensez au <strong>bon cadeau<\/strong> des\u00a0Papys Pr\u00e9cieux\u00a0! Disponible <strong>directement sur place<\/strong>, il permet de laisser le choix tout en offrant du <strong>style<\/strong> (et du sourire). C\u2019est le <strong>cadeau parfait<\/strong> pour les <strong>ind\u00e9cis<\/strong>, les <strong>retardataires<\/strong>\u2026 ou les gens tr\u00e8s <strong>organis\u00e9s<\/strong> qui aiment assurer \u00e0 tous les coups !<\/p>\n<\/div><\/div>\n\n\n\n<div style=\"height:50px\" aria-hidden=\"true\" class=\"wp-block-spacer\"><\/div>\n\n\n\n<div class=\"wp-block-media-text has-media-on-the-right is-stacked-on-mobile is-vertically-aligned-center has-white-color has-text-color has-background has-link-color wp-elements-6f663795c16fd46904313d5991fcb0ec\" style=\"border-style:none;border-width:0px;border-top-left-radius:20px;border-top-right-radius:20px;border-bottom-left-radius:20px;border-bottom-right-radius:20px;background-color:#20321e;padding-top:var(--wp--preset--spacing--60);padding-right:var(--wp--preset--spacing--60);padding-bottom:var(--wp--preset--spacing--60);padding-left:var(--wp--preset--spacing--60)\"><div class=\"wp-block-media-text__content\">\n<p class=\"has-text-align-right\"><strong>LES T-SHIRTS<\/strong><\/p>\n\n\n\n<p class=\"has-text-align-right\"><strong>Broderie Premium<\/strong>&nbsp;: Le nom de notre marque est d\u00e9licatement brod\u00e9 sur le c\u0153ur pour un look \u00e9l\u00e9gant et durable.<\/p>\n\n\n\n<p class=\"has-text-align-right\"><strong>Confort garanti<\/strong>&nbsp;: <strong>100% coton doux<\/strong> et respirant, id\u00e9al pour toutes vos aventures (ou vos siestes).<\/p>\n\n\n\n<p class=\"has-text-align-right\"><strong>Coupe moderne<\/strong>&nbsp;: Disponible en plusieurs tailles pour s\u2019adapter \u00e0 toutes les morphologies.<\/p>\n\n\n\n<p class=\"has-text-align-right\"><strong>Entretien facile<\/strong>&nbsp;: Lavez-le \u00e0 l\u2019envers pour garder la broderie impeccable.<\/p>\n<\/div><figure class=\"wp-block-media-text__media\"><img loading=\"lazy\" decoding=\"async\" width=\"683\" height=\"1024\" src=\"https:\/\/lespapysprecieux.com\/wp-content\/uploads\/2026\/01\/IMG_4665-1-683x1024.png\" alt=\"\" class=\"wp-image-385 size-full\" srcset=\"https:\/\/lespapysprecieux.com\/wp-content\/uploads\/2026\/01\/IMG_4665-1-683x1024.png 683w, https:\/\/lespapysprecieux.com\/wp-content\/uploads\/2026\/01\/IMG_4665-1-200x300.png 200w, https:\/\/lespapysprecieux.com\/wp-content\/uploads\/2026\/01\/IMG_4665-1-768x1152.png 768w, https:\/\/lespapysprecieux.com\/wp-content\/uploads\/2026\/01\/IMG_4665-1-1024x1536.png 1024w, https:\/\/lespapysprecieux.com\/wp-content\/uploads\/2026\/01\/IMG_4665-1-1365x2048.png 1365w, https:\/\/lespapysprecieux.com\/wp-content\/uploads\/2026\/01\/IMG_4665-1-scaled.png 1707w\" sizes=\"auto, (max-width: 683px) 100vw, 683px\" \/><\/figure><\/div>\n\n\n\n<div style=\"height:50px\" aria-hidden=\"true\" class=\"wp-block-spacer\"><\/div>\n\n\n\n<p class=\"has-text-align-center\">Parce que le bon go\u00fbt n\u2019attend pas le nombre des ann\u00e9es, d\u00e9couvrez notre <strong>collection b\u00e9b\u00e9<\/strong>&nbsp;<strong>\u201cLes Babys Pr\u00e9cieux\u201d<\/strong>&nbsp;! Des pi\u00e8ces <strong>toutes douces<\/strong>, pleines de caract\u00e8re et d\u2019amour, pens\u00e9es pour les <strong>minis humains<\/strong> d\u00e9j\u00e0 <strong>tr\u00e8s styl\u00e9s<\/strong>. Attention : risque \u00e9lev\u00e9 de \u201cooooh\u201d attendris et de photos beaucoup trop mignonnes !&nbsp;<\/p>\n\n\n\n<div style=\"height:50px\" aria-hidden=\"true\" class=\"wp-block-spacer\"><\/div>\n\n\n\n<p><\/p>\n","protected":false},"excerpt":{"rendered":"<p>Vous aimez le style, le confort\u2026 et un brin d\u2019exclusivit\u00e9 ? Alors nos t-shirts et sweats brod\u00e9s \u00ab\u202fLes Papys Pr\u00e9cieux\u202f\u00bb sont faits pour vous ! Mais attention : ils ne se trouvent&nbsp;nulle part ailleurs que sur place. Oui, vous avez bien lu. Vous devrez donc faire un petit d\u00e9placement\u2026 mais [&hellip;]<\/p>\n","protected":false},"author":1,"featured_media":0,"parent":0,"menu_order":0,"comment_status":"closed","ping_status":"closed","template":"","meta":{"footnotes":""},"class_list":["post-318","page","type-page","status-publish","hentry"],"yoast_head":"<!-- This site is optimized with the Yoast SEO plugin v27.3 - https:\/\/yoast.com\/product\/yoast-seo-wordpress\/ -->\n<title>Nos produits -<\/title>\n<meta name=\"description\" content=\"Merch restaurant Saint-Avertin : t-shirts et sweats brod\u00e9s Les Papys Pr\u00e9cieux disponibles sur place.\" \/>\n<meta name=\"robots\" content=\"index, follow, max-snippet:-1, max-image-preview:large, max-video-preview:-1\" \/>\n<link rel=\"canonical\" href=\"https:\/\/lespapysprecieux.com\/index.php\/nos-produits\/\" \/>\n<meta property=\"og:locale\" content=\"fr_FR\" \/>\n<meta property=\"og:type\" content=\"article\" \/>\n<meta property=\"og:title\" content=\"Nos produits -\" \/>\n<meta property=\"og:description\" content=\"Merch restaurant Saint-Avertin : t-shirts et sweats brod\u00e9s Les Papys Pr\u00e9cieux disponibles sur place.\" \/>\n<meta property=\"og:url\" content=\"https:\/\/lespapysprecieux.com\/index.php\/nos-produits\/\" \/>\n<meta property=\"article:publisher\" content=\"https:\/\/www.facebook.com\/profile.php?id=61575708312964\" \/>\n<meta property=\"article:modified_time\" content=\"2026-02-21T12:30:53+00:00\" \/>\n<meta property=\"og:image\" content=\"http:\/\/lespapysprecieux.com\/wp-content\/uploads\/2026\/01\/IMG_4666-1-683x1024.png\" \/>\n<meta name=\"twitter:card\" content=\"summary_large_image\" \/>\n<meta name=\"twitter:label1\" content=\"Dur\u00e9e de lecture estim\u00e9e\" \/>\n\t<meta name=\"twitter:data1\" content=\"3 minutes\" \/>\n<script type=\"application\/ld+json\" class=\"yoast-schema-graph\">{\"@context\":\"https:\\\/\\\/schema.org\",\"@graph\":[{\"@type\":\"WebPage\",\"@id\":\"https:\\\/\\\/lespapysprecieux.com\\\/index.php\\\/nos-produits\\\/\",\"url\":\"https:\\\/\\\/lespapysprecieux.com\\\/index.php\\\/nos-produits\\\/\",\"name\":\"Nos produits -\",\"isPartOf\":{\"@id\":\"https:\\\/\\\/lespapysprecieux.com\\\/#website\"},\"primaryImageOfPage\":{\"@id\":\"https:\\\/\\\/lespapysprecieux.com\\\/index.php\\\/nos-produits\\\/#primaryimage\"},\"image\":{\"@id\":\"https:\\\/\\\/lespapysprecieux.com\\\/index.php\\\/nos-produits\\\/#primaryimage\"},\"thumbnailUrl\":\"http:\\\/\\\/lespapysprecieux.com\\\/wp-content\\\/uploads\\\/2026\\\/01\\\/IMG_4666-1-683x1024.png\",\"datePublished\":\"2026-01-22T12:48:13+00:00\",\"dateModified\":\"2026-02-21T12:30:53+00:00\",\"description\":\"Merch restaurant Saint-Avertin : t-shirts et sweats brod\u00e9s Les Papys Pr\u00e9cieux disponibles sur place.\",\"breadcrumb\":{\"@id\":\"https:\\\/\\\/lespapysprecieux.com\\\/index.php\\\/nos-produits\\\/#breadcrumb\"},\"inLanguage\":\"fr-FR\",\"potentialAction\":[{\"@type\":\"ReadAction\",\"target\":[\"https:\\\/\\\/lespapysprecieux.com\\\/index.php\\\/nos-produits\\\/\"]}]},{\"@type\":\"ImageObject\",\"inLanguage\":\"fr-FR\",\"@id\":\"https:\\\/\\\/lespapysprecieux.com\\\/index.php\\\/nos-produits\\\/#primaryimage\",\"url\":\"http:\\\/\\\/lespapysprecieux.com\\\/wp-content\\\/uploads\\\/2026\\\/01\\\/IMG_4666-1-683x1024.png\",\"contentUrl\":\"http:\\\/\\\/lespapysprecieux.com\\\/wp-content\\\/uploads\\\/2026\\\/01\\\/IMG_4666-1-683x1024.png\"},{\"@type\":\"BreadcrumbList\",\"@id\":\"https:\\\/\\\/lespapysprecieux.com\\\/index.php\\\/nos-produits\\\/#breadcrumb\",\"itemListElement\":[{\"@type\":\"ListItem\",\"position\":1,\"name\":\"Accueil\",\"item\":\"https:\\\/\\\/lespapysprecieux.com\\\/\"},{\"@type\":\"ListItem\",\"position\":2,\"name\":\"Nos produits\"}]},{\"@type\":\"WebSite\",\"@id\":\"https:\\\/\\\/lespapysprecieux.com\\\/#website\",\"url\":\"https:\\\/\\\/lespapysprecieux.com\\\/\",\"name\":\"Les Papys Pr\u00e9cieux\",\"description\":\"Une table sinc\u00e8re, un lieu vivant\",\"publisher\":{\"@id\":\"https:\\\/\\\/lespapysprecieux.com\\\/#organization\"},\"potentialAction\":[{\"@type\":\"SearchAction\",\"target\":{\"@type\":\"EntryPoint\",\"urlTemplate\":\"https:\\\/\\\/lespapysprecieux.com\\\/?s={search_term_string}\"},\"query-input\":{\"@type\":\"PropertyValueSpecification\",\"valueRequired\":true,\"valueName\":\"search_term_string\"}}],\"inLanguage\":\"fr-FR\"},{\"@type\":\"Organization\",\"@id\":\"https:\\\/\\\/lespapysprecieux.com\\\/#organization\",\"name\":\"Les Papys Pr\u00e9cieux\",\"url\":\"https:\\\/\\\/lespapysprecieux.com\\\/\",\"logo\":{\"@type\":\"ImageObject\",\"inLanguage\":\"fr-FR\",\"@id\":\"https:\\\/\\\/lespapysprecieux.com\\\/#\\\/schema\\\/logo\\\/image\\\/\",\"url\":\"https:\\\/\\\/lespapysprecieux.com\\\/wp-content\\\/uploads\\\/2026\\\/01\\\/cropped-logo-icone-site.png\",\"contentUrl\":\"https:\\\/\\\/lespapysprecieux.com\\\/wp-content\\\/uploads\\\/2026\\\/01\\\/cropped-logo-icone-site.png\",\"width\":512,\"height\":512,\"caption\":\"Les Papys Pr\u00e9cieux\"},\"image\":{\"@id\":\"https:\\\/\\\/lespapysprecieux.com\\\/#\\\/schema\\\/logo\\\/image\\\/\"},\"sameAs\":[\"https:\\\/\\\/www.facebook.com\\\/profile.php?id=61575708312964\",\"https:\\\/\\\/www.instagram.com\\\/lespapysprecieux\\\/\"]}]}<\/script>\n<!-- \/ Yoast SEO plugin. -->","yoast_head_json":{"title":"Nos produits -","description":"Merch restaurant Saint-Avertin : t-shirts et sweats brod\u00e9s Les Papys Pr\u00e9cieux disponibles sur place.","robots":{"index":"index","follow":"follow","max-snippet":"max-snippet:-1","max-image-preview":"max-image-preview:large","max-video-preview":"max-video-preview:-1"},"canonical":"https:\/\/lespapysprecieux.com\/index.php\/nos-produits\/","og_locale":"fr_FR","og_type":"article","og_title":"Nos produits -","og_description":"Merch restaurant Saint-Avertin : t-shirts et sweats brod\u00e9s Les Papys Pr\u00e9cieux disponibles sur place.","og_url":"https:\/\/lespapysprecieux.com\/index.php\/nos-produits\/","article_publisher":"https:\/\/www.facebook.com\/profile.php?id=61575708312964","article_modified_time":"2026-02-21T12:30:53+00:00","og_image":[{"url":"http:\/\/lespapysprecieux.com\/wp-content\/uploads\/2026\/01\/IMG_4666-1-683x1024.png","type":"","width":"","height":""}],"twitter_card":"summary_large_image","twitter_misc":{"Dur\u00e9e de lecture estim\u00e9e":"3 minutes"},"schema":{"@context":"https:\/\/schema.org","@graph":[{"@type":"WebPage","@id":"https:\/\/lespapysprecieux.com\/index.php\/nos-produits\/","url":"https:\/\/lespapysprecieux.com\/index.php\/nos-produits\/","name":"Nos produits -","isPartOf":{"@id":"https:\/\/lespapysprecieux.com\/#website"},"primaryImageOfPage":{"@id":"https:\/\/lespapysprecieux.com\/index.php\/nos-produits\/#primaryimage"},"image":{"@id":"https:\/\/lespapysprecieux.com\/index.php\/nos-produits\/#primaryimage"},"thumbnailUrl":"http:\/\/lespapysprecieux.com\/wp-content\/uploads\/2026\/01\/IMG_4666-1-683x1024.png","datePublished":"2026-01-22T12:48:13+00:00","dateModified":"2026-02-21T12:30:53+00:00","description":"Merch restaurant Saint-Avertin : t-shirts et sweats brod\u00e9s Les Papys Pr\u00e9cieux disponibles sur place.","breadcrumb":{"@id":"https:\/\/lespapysprecieux.com\/index.php\/nos-produits\/#breadcrumb"},"inLanguage":"fr-FR","potentialAction":[{"@type":"ReadAction","target":["https:\/\/lespapysprecieux.com\/index.php\/nos-produits\/"]}]},{"@type":"ImageObject","inLanguage":"fr-FR","@id":"https:\/\/lespapysprecieux.com\/index.php\/nos-produits\/#primaryimage","url":"http:\/\/lespapysprecieux.com\/wp-content\/uploads\/2026\/01\/IMG_4666-1-683x1024.png","contentUrl":"http:\/\/lespapysprecieux.com\/wp-content\/uploads\/2026\/01\/IMG_4666-1-683x1024.png"},{"@type":"BreadcrumbList","@id":"https:\/\/lespapysprecieux.com\/index.php\/nos-produits\/#breadcrumb","itemListElement":[{"@type":"ListItem","position":1,"name":"Accueil","item":"https:\/\/lespapysprecieux.com\/"},{"@type":"ListItem","position":2,"name":"Nos produits"}]},{"@type":"WebSite","@id":"https:\/\/lespapysprecieux.com\/#website","url":"https:\/\/lespapysprecieux.com\/","name":"Les Papys Pr\u00e9cieux","description":"Une table sinc\u00e8re, un lieu vivant","publisher":{"@id":"https:\/\/lespapysprecieux.com\/#organization"},"potentialAction":[{"@type":"SearchAction","target":{"@type":"EntryPoint","urlTemplate":"https:\/\/lespapysprecieux.com\/?s={search_term_string}"},"query-input":{"@type":"PropertyValueSpecification","valueRequired":true,"valueName":"search_term_string"}}],"inLanguage":"fr-FR"},{"@type":"Organization","@id":"https:\/\/lespapysprecieux.com\/#organization","name":"Les Papys Pr\u00e9cieux","url":"https:\/\/lespapysprecieux.com\/","logo":{"@type":"ImageObject","inLanguage":"fr-FR","@id":"https:\/\/lespapysprecieux.com\/#\/schema\/logo\/image\/","url":"https:\/\/lespapysprecieux.com\/wp-content\/uploads\/2026\/01\/cropped-logo-icone-site.png","contentUrl":"https:\/\/lespapysprecieux.com\/wp-content\/uploads\/2026\/01\/cropped-logo-icone-site.png","width":512,"height":512,"caption":"Les Papys Pr\u00e9cieux"},"image":{"@id":"https:\/\/lespapysprecieux.com\/#\/schema\/logo\/image\/"},"sameAs":["https:\/\/www.facebook.com\/profile.php?id=61575708312964","https:\/\/www.instagram.com\/lespapysprecieux\/"]}]}},"_links":{"self":[{"href":"https:\/\/lespapysprecieux.com\/index.php\/wp-json\/wp\/v2\/pages\/318","targetHints":{"allow":["GET"]}}],"collection":[{"href":"https:\/\/lespapysprecieux.com\/index.php\/wp-json\/wp\/v2\/pages"}],"about":[{"href":"https:\/\/lespapysprecieux.com\/index.php\/wp-json\/wp\/v2\/types\/page"}],"author":[{"embeddable":true,"href":"https:\/\/lespapysprecieux.com\/index.php\/wp-json\/wp\/v2\/users\/1"}],"replies":[{"embeddable":true,"href":"https:\/\/lespapysprecieux.com\/index.php\/wp-json\/wp\/v2\/comments?post=318"}],"version-history":[{"count":19,"href":"https:\/\/lespapysprecieux.com\/index.php\/wp-json\/wp\/v2\/pages\/318\/revisions"}],"predecessor-version":[{"id":955,"href":"https:\/\/lespapysprecieux.com\/index.php\/wp-json\/wp\/v2\/pages\/318\/revisions\/955"}],"wp:attachment":[{"href":"https:\/\/lespapysprecieux.com\/index.php\/wp-json\/wp\/v2\/media?parent=318"}],"curies":[{"name":"wp","href":"https:\/\/api.w.org\/{rel}","templated":true}]}}