{"id":52,"date":"2026-01-20T13:10:17","date_gmt":"2026-01-20T12:10:17","guid":{"rendered":"https:\/\/lespapysprecieux.com\/?page_id=52"},"modified":"2026-02-27T14:05:28","modified_gmt":"2026-02-27T13:05:28","slug":"restaurant","status":"publish","type":"page","link":"https:\/\/lespapysprecieux.com\/index.php\/restaurant\/","title":{"rendered":"Restaurant"},"content":{"rendered":"\n<p><strong>Bienvenue chez Les Papys Pr\u00e9cieux<\/strong>, votre adresse du <strong>midi<\/strong> \u00e0 Saint-Avertin, o\u00f9 la <strong>cuisine 100 % faite maison<\/strong> s\u2019accompagne d\u2019une ambiance <strong>authentique<\/strong> et <strong>conviviale<\/strong>. Que ce soit pour un <strong>d\u00e9jeuner entre coll\u00e8gues<\/strong>, un rendez-vous professionnel ou un <strong>repas entre amis<\/strong>, c\u2019est l\u2019adresse id\u00e9ale pour faire une <strong>vraie pause<\/strong> et <strong>savourer<\/strong> un moment hors du rythme de la journ\u00e9e de travail.<\/p>\n\n\n\n<div style=\"height:50px\" aria-hidden=\"true\" class=\"wp-block-spacer\"><\/div>\n\n\n\n<div class=\"wp-block-cover\"><img loading=\"lazy\" decoding=\"async\" width=\"768\" height=\"1024\" class=\"wp-block-cover__image-background wp-image-998 size-large\" alt=\"\" src=\"https:\/\/lespapysprecieux.com\/wp-content\/uploads\/2026\/02\/IMG_9748-768x1024.jpg\" style=\"object-position:50% 75%\" data-object-fit=\"cover\" data-object-position=\"50% 75%\" srcset=\"https:\/\/lespapysprecieux.com\/wp-content\/uploads\/2026\/02\/IMG_9748-768x1024.jpg 768w, https:\/\/lespapysprecieux.com\/wp-content\/uploads\/2026\/02\/IMG_9748-225x300.jpg 225w, https:\/\/lespapysprecieux.com\/wp-content\/uploads\/2026\/02\/IMG_9748-1152x1536.jpg 1152w, https:\/\/lespapysprecieux.com\/wp-content\/uploads\/2026\/02\/IMG_9748-1536x2048.jpg 1536w, https:\/\/lespapysprecieux.com\/wp-content\/uploads\/2026\/02\/IMG_9748-scaled.jpg 1920w\" sizes=\"auto, (max-width: 768px) 100vw, 768px\" \/><span aria-hidden=\"true\" class=\"wp-block-cover__background has-background-dim\" style=\"background-color:#887662\"><\/span><div class=\"wp-block-cover__inner-container is-layout-constrained wp-block-cover-is-layout-constrained\">\n<p class=\"has-text-align-center has-large-font-size\"><\/p>\n<\/div><\/div>\n\n\n\n<div style=\"height:50px\" aria-hidden=\"true\" class=\"wp-block-spacer\"><\/div>\n\n\n\n<div class=\"wp-block-group alignwide\"><div class=\"wp-block-group__inner-container is-layout-constrained wp-block-group-is-layout-constrained\">\n<p class=\"has-text-align-center has-large-font-size\"><strong>Aper\u00e7u de nos menus du jour<\/strong><\/p>\n\n\n\n<p class=\"has-text-align-center\">Tous les midis un nouveau menu. Curieux ? On le poste tous les matins sur <a href=\"https:\/\/www.instagram.com\/lespapysprecieux\/\" target=\"_blank\" rel=\"noreferrer noopener\">Instagram<\/a> !<\/p>\n\n\n\n<p class=\"has-text-align-center\"><strong>D\u00e9couvrez quelques exemples ci-dessous !<\/strong><\/p>\n\n\n\n<div class=\"wp-block-group\"><div class=\"wp-block-group__inner-container is-layout-constrained wp-block-group-is-layout-constrained\">\n<div class=\"wp-block-columns is-layout-flex wp-container-core-columns-is-layout-67c09cde wp-block-columns-is-layout-flex\">\n<div class=\"wp-block-column is-vertically-aligned-top is-layout-flow wp-container-core-column-is-layout-8a368f38 wp-block-column-is-layout-flow\">\n<div class=\"wp-block-group has-white-color has-text-color has-link-color wp-elements-ee0142bf225ea6ed23214a86dc3cf105 is-vertical is-layout-flex wp-container-core-group-is-layout-25188dd1 wp-block-group-is-layout-flex\" style=\"border-radius:8px;min-height:300px;padding-top:var(--wp--preset--spacing--50);padding-right:var(--wp--preset--spacing--50);padding-bottom:var(--wp--preset--spacing--50);padding-left:var(--wp--preset--spacing--50)\">\n<figure class=\"wp-block-image size-large\"><img loading=\"lazy\" decoding=\"async\" width=\"576\" height=\"1024\" src=\"https:\/\/lespapysprecieux.com\/wp-content\/uploads\/2026\/01\/menu-23-janv-1-576x1024.png\" alt=\"\" class=\"wp-image-829\" srcset=\"https:\/\/lespapysprecieux.com\/wp-content\/uploads\/2026\/01\/menu-23-janv-1-576x1024.png 576w, https:\/\/lespapysprecieux.com\/wp-content\/uploads\/2026\/01\/menu-23-janv-1-169x300.png 169w, https:\/\/lespapysprecieux.com\/wp-content\/uploads\/2026\/01\/menu-23-janv-1-768x1365.png 768w, https:\/\/lespapysprecieux.com\/wp-content\/uploads\/2026\/01\/menu-23-janv-1-864x1536.png 864w, https:\/\/lespapysprecieux.com\/wp-content\/uploads\/2026\/01\/menu-23-janv-1.png 1080w\" sizes=\"auto, (max-width: 576px) 100vw, 576px\" \/><\/figure>\n<\/div>\n<\/div>\n\n\n\n<div class=\"wp-block-column is-layout-flow wp-block-column-is-layout-flow\">\n<div class=\"wp-block-group has-white-color has-text-color has-link-color wp-elements-63d631d1f0214a64074ed610c76856c4 is-vertical is-layout-flex wp-container-core-group-is-layout-25188dd1 wp-block-group-is-layout-flex\" style=\"border-radius:8px;min-height:300px;padding-top:var(--wp--preset--spacing--50);padding-right:var(--wp--preset--spacing--50);padding-bottom:var(--wp--preset--spacing--50);padding-left:var(--wp--preset--spacing--50)\">\n<figure class=\"wp-block-image size-large\"><img loading=\"lazy\" decoding=\"async\" width=\"576\" height=\"1024\" src=\"https:\/\/lespapysprecieux.com\/wp-content\/uploads\/2026\/01\/menu-27-janv-1-576x1024.png\" alt=\"\" class=\"wp-image-831\" srcset=\"https:\/\/lespapysprecieux.com\/wp-content\/uploads\/2026\/01\/menu-27-janv-1-576x1024.png 576w, https:\/\/lespapysprecieux.com\/wp-content\/uploads\/2026\/01\/menu-27-janv-1-169x300.png 169w, https:\/\/lespapysprecieux.com\/wp-content\/uploads\/2026\/01\/menu-27-janv-1-768x1365.png 768w, https:\/\/lespapysprecieux.com\/wp-content\/uploads\/2026\/01\/menu-27-janv-1-864x1536.png 864w, https:\/\/lespapysprecieux.com\/wp-content\/uploads\/2026\/01\/menu-27-janv-1.png 1080w\" sizes=\"auto, (max-width: 576px) 100vw, 576px\" \/><\/figure>\n<\/div>\n<\/div>\n\n\n\n<div class=\"wp-block-column is-layout-flow wp-block-column-is-layout-flow\">\n<div class=\"wp-block-group has-white-color has-text-color has-link-color wp-elements-a27c720bf8e8f52b5872c52eafa285d7 is-vertical is-layout-flex wp-container-core-group-is-layout-25188dd1 wp-block-group-is-layout-flex\" style=\"border-radius:8px;min-height:300px;padding-top:var(--wp--preset--spacing--50);padding-right:var(--wp--preset--spacing--50);padding-bottom:var(--wp--preset--spacing--50);padding-left:var(--wp--preset--spacing--50)\">\n<figure class=\"wp-block-image size-large\"><img loading=\"lazy\" decoding=\"async\" width=\"576\" height=\"1024\" src=\"https:\/\/lespapysprecieux.com\/wp-content\/uploads\/2026\/02\/menu-3-fev-576x1024.png\" alt=\"\" class=\"wp-image-985\" srcset=\"https:\/\/lespapysprecieux.com\/wp-content\/uploads\/2026\/02\/menu-3-fev-576x1024.png 576w, https:\/\/lespapysprecieux.com\/wp-content\/uploads\/2026\/02\/menu-3-fev-169x300.png 169w, https:\/\/lespapysprecieux.com\/wp-content\/uploads\/2026\/02\/menu-3-fev-768x1365.png 768w, https:\/\/lespapysprecieux.com\/wp-content\/uploads\/2026\/02\/menu-3-fev-864x1536.png 864w, https:\/\/lespapysprecieux.com\/wp-content\/uploads\/2026\/02\/menu-3-fev.png 1080w\" sizes=\"auto, (max-width: 576px) 100vw, 576px\" \/><\/figure>\n<\/div>\n<\/div>\n<\/div>\n<\/div><\/div>\n<\/div><\/div>\n\n\n\n<div style=\"height:50px\" aria-hidden=\"true\" class=\"wp-block-spacer\"><\/div>\n\n\n\n<div class=\"wp-block-group alignwide has-background\" style=\"border-radius:8px;background-color:#f9f8f7;padding-top:var(--wp--preset--spacing--70);padding-right:var(--wp--preset--spacing--70);padding-bottom:var(--wp--preset--spacing--70);padding-left:var(--wp--preset--spacing--70)\"><div class=\"wp-block-group__inner-container is-layout-constrained wp-container-core-group-is-layout-ae744a23 wp-block-group-is-layout-constrained\">\n<div class=\"wp-block-group is-content-justification-space-between is-layout-flex wp-container-core-group-is-layout-9366075c wp-block-group-is-layout-flex\">\n<div class=\"wp-block-group\"><div class=\"wp-block-group__inner-container is-layout-constrained wp-container-core-group-is-layout-92b9201d wp-block-group-is-layout-constrained\">\n<p class=\"has-medium-font-size\"><strong>L&rsquo;esprit des Papys, du midi au soir<\/strong>&#8230;<\/p>\n\n\n\n<p>Apr\u00e8s les menus du jour, place aux <strong>plaisirs du soir<\/strong>.<br><strong>Tapas \u00e0 partager<\/strong>, <strong>planches g\u00e9n\u00e9reuses<\/strong> et <strong>carte de boissons<\/strong> soigneusement s\u00e9lectionn\u00e9es : chez&nbsp;Les Papys Pr\u00e9cieux, on aime quand les moments s\u2019\u00e9tirent et se <strong>savourent<\/strong>.<\/p>\n<\/div><\/div>\n\n\n\n<div class=\"wp-block-buttons is-layout-flex wp-block-buttons-is-layout-flex\">\n<div class=\"wp-block-button is-style-outline is-style-outline--1\"><a class=\"wp-block-button__link has-black-color has-accent-background-color has-text-color has-background has-link-color wp-element-button\" href=\"https:\/\/app.cookie.menu\/restaurants\/67fc2aa1c32c8720812b4711\" target=\"_blank\" rel=\"noreferrer noopener\"><strong>D\u00c9COUVRIR LA CARTE<\/strong><\/a><\/div>\n<\/div>\n<\/div>\n<\/div><\/div>\n\n\n\n<div style=\"height:50px\" aria-hidden=\"true\" class=\"wp-block-spacer\"><\/div>\n\n\n\n<p><strong>Et d&rsquo;ailleurs, voici un aper\u00e7u des d\u00e9licieux cocktails pr\u00e9par\u00e9s par notre mixologue ! <\/strong><\/p>\n\n\n\n<div style=\"height:50px\" aria-hidden=\"true\" class=\"wp-block-spacer\"><\/div>\n\n\n\n<figure class=\"wp-block-gallery alignwide has-nested-images columns-default is-cropped wp-block-gallery-2 is-layout-flex wp-block-gallery-is-layout-flex\">\n<figure class=\"wp-block-image size-large\"><img loading=\"lazy\" decoding=\"async\" width=\"768\" height=\"1024\" data-id=\"1122\" src=\"https:\/\/lespapysprecieux.com\/wp-content\/uploads\/2026\/02\/IMG_9569-768x1024.jpg\" alt=\"\" class=\"wp-image-1122\" srcset=\"https:\/\/lespapysprecieux.com\/wp-content\/uploads\/2026\/02\/IMG_9569-768x1024.jpg 768w, https:\/\/lespapysprecieux.com\/wp-content\/uploads\/2026\/02\/IMG_9569-225x300.jpg 225w, https:\/\/lespapysprecieux.com\/wp-content\/uploads\/2026\/02\/IMG_9569-1152x1536.jpg 1152w, https:\/\/lespapysprecieux.com\/wp-content\/uploads\/2026\/02\/IMG_9569-1536x2048.jpg 1536w, https:\/\/lespapysprecieux.com\/wp-content\/uploads\/2026\/02\/IMG_9569-scaled.jpg 1920w\" sizes=\"auto, (max-width: 768px) 100vw, 768px\" \/><\/figure>\n\n\n\n<figure class=\"wp-block-image size-large\"><img loading=\"lazy\" decoding=\"async\" width=\"768\" height=\"1024\" data-id=\"1115\" src=\"https:\/\/lespapysprecieux.com\/wp-content\/uploads\/2026\/02\/IMG_9456-1-768x1024.jpg\" alt=\"\" class=\"wp-image-1115\" srcset=\"https:\/\/lespapysprecieux.com\/wp-content\/uploads\/2026\/02\/IMG_9456-1-768x1024.jpg 768w, https:\/\/lespapysprecieux.com\/wp-content\/uploads\/2026\/02\/IMG_9456-1-225x300.jpg 225w, https:\/\/lespapysprecieux.com\/wp-content\/uploads\/2026\/02\/IMG_9456-1-1152x1536.jpg 1152w, https:\/\/lespapysprecieux.com\/wp-content\/uploads\/2026\/02\/IMG_9456-1-1536x2048.jpg 1536w, https:\/\/lespapysprecieux.com\/wp-content\/uploads\/2026\/02\/IMG_9456-1-scaled.jpg 1920w\" sizes=\"auto, (max-width: 768px) 100vw, 768px\" \/><\/figure>\n\n\n\n<figure class=\"wp-block-image size-large\"><img loading=\"lazy\" decoding=\"async\" width=\"768\" height=\"1024\" data-id=\"1117\" src=\"https:\/\/lespapysprecieux.com\/wp-content\/uploads\/2026\/02\/IMG_9631-768x1024.jpg\" alt=\"\" class=\"wp-image-1117\" srcset=\"https:\/\/lespapysprecieux.com\/wp-content\/uploads\/2026\/02\/IMG_9631-768x1024.jpg 768w, https:\/\/lespapysprecieux.com\/wp-content\/uploads\/2026\/02\/IMG_9631-225x300.jpg 225w, https:\/\/lespapysprecieux.com\/wp-content\/uploads\/2026\/02\/IMG_9631-1152x1536.jpg 1152w, https:\/\/lespapysprecieux.com\/wp-content\/uploads\/2026\/02\/IMG_9631-1536x2048.jpg 1536w, https:\/\/lespapysprecieux.com\/wp-content\/uploads\/2026\/02\/IMG_9631-scaled.jpg 1920w\" sizes=\"auto, (max-width: 768px) 100vw, 768px\" \/><\/figure>\n\n\n\n<figure class=\"wp-block-image size-large\"><img loading=\"lazy\" decoding=\"async\" width=\"1024\" height=\"768\" data-id=\"1118\" src=\"https:\/\/lespapysprecieux.com\/wp-content\/uploads\/2026\/02\/IMG_9609-1-1024x768.jpg\" alt=\"\" class=\"wp-image-1118\" srcset=\"https:\/\/lespapysprecieux.com\/wp-content\/uploads\/2026\/02\/IMG_9609-1-1024x768.jpg 1024w, https:\/\/lespapysprecieux.com\/wp-content\/uploads\/2026\/02\/IMG_9609-1-300x225.jpg 300w, https:\/\/lespapysprecieux.com\/wp-content\/uploads\/2026\/02\/IMG_9609-1-768x576.jpg 768w, https:\/\/lespapysprecieux.com\/wp-content\/uploads\/2026\/02\/IMG_9609-1-1536x1152.jpg 1536w, https:\/\/lespapysprecieux.com\/wp-content\/uploads\/2026\/02\/IMG_9609-1-2048x1536.jpg 2048w\" sizes=\"auto, (max-width: 1024px) 100vw, 1024px\" \/><\/figure>\n\n\n\n<figure class=\"wp-block-image size-large is-style-default\"><img loading=\"lazy\" decoding=\"async\" width=\"768\" height=\"1024\" data-id=\"1121\" src=\"https:\/\/lespapysprecieux.com\/wp-content\/uploads\/2026\/02\/IMG_9552-768x1024.jpg\" alt=\"\" class=\"wp-image-1121\" srcset=\"https:\/\/lespapysprecieux.com\/wp-content\/uploads\/2026\/02\/IMG_9552-768x1024.jpg 768w, https:\/\/lespapysprecieux.com\/wp-content\/uploads\/2026\/02\/IMG_9552-225x300.jpg 225w, https:\/\/lespapysprecieux.com\/wp-content\/uploads\/2026\/02\/IMG_9552-1152x1536.jpg 1152w, https:\/\/lespapysprecieux.com\/wp-content\/uploads\/2026\/02\/IMG_9552-1536x2048.jpg 1536w, https:\/\/lespapysprecieux.com\/wp-content\/uploads\/2026\/02\/IMG_9552-scaled.jpg 1920w\" sizes=\"auto, (max-width: 768px) 100vw, 768px\" \/><\/figure>\n<\/figure>\n\n\n\n<div style=\"height:50px\" aria-hidden=\"true\" class=\"wp-block-spacer\"><\/div>\n","protected":false},"excerpt":{"rendered":"<p>Bienvenue chez Les Papys Pr\u00e9cieux, votre adresse du midi \u00e0 Saint-Avertin, o\u00f9 la cuisine 100 % faite maison s\u2019accompagne d\u2019une ambiance authentique et conviviale. Que ce soit pour un d\u00e9jeuner entre coll\u00e8gues, un rendez-vous professionnel ou un repas entre amis, c\u2019est l\u2019adresse id\u00e9ale pour faire une vraie pause et savourer [&hellip;]<\/p>\n","protected":false},"author":1,"featured_media":0,"parent":0,"menu_order":0,"comment_status":"closed","ping_status":"closed","template":"","meta":{"footnotes":""},"class_list":["post-52","page","type-page","status-publish","hentry"],"yoast_head":"<!-- This site is optimized with the Yoast SEO plugin v27.3 - https:\/\/yoast.com\/product\/yoast-seo-wordpress\/ -->\n<title>Restaurant -<\/title>\n<meta name=\"description\" content=\"Restaurant Saint-Avertin, Les Papys Pr\u00e9cieux propose une cuisine conviviale, des cocktails et une ambiance chaleureuse pr\u00e8s de Tours.\" \/>\n<meta name=\"robots\" content=\"index, follow, max-snippet:-1, max-image-preview:large, max-video-preview:-1\" \/>\n<link rel=\"canonical\" href=\"https:\/\/lespapysprecieux.com\/index.php\/restaurant\/\" \/>\n<meta property=\"og:locale\" content=\"fr_FR\" \/>\n<meta property=\"og:type\" content=\"article\" \/>\n<meta property=\"og:title\" content=\"Restaurant -\" \/>\n<meta property=\"og:description\" content=\"Restaurant Saint-Avertin, Les Papys Pr\u00e9cieux propose une cuisine conviviale, des cocktails et une ambiance chaleureuse pr\u00e8s de Tours.\" \/>\n<meta property=\"og:url\" content=\"https:\/\/lespapysprecieux.com\/index.php\/restaurant\/\" \/>\n<meta property=\"article:publisher\" content=\"https:\/\/www.facebook.com\/profile.php?id=61575708312964\" \/>\n<meta property=\"article:modified_time\" content=\"2026-02-27T13:05:28+00:00\" \/>\n<meta name=\"twitter:card\" content=\"summary_large_image\" \/>\n<meta name=\"twitter:label1\" content=\"Dur\u00e9e de lecture estim\u00e9e\" \/>\n\t<meta name=\"twitter:data1\" content=\"3 minutes\" \/>\n<script type=\"application\/ld+json\" class=\"yoast-schema-graph\">{\"@context\":\"https:\\\/\\\/schema.org\",\"@graph\":[{\"@type\":\"WebPage\",\"@id\":\"https:\\\/\\\/lespapysprecieux.com\\\/index.php\\\/restaurant\\\/\",\"url\":\"https:\\\/\\\/lespapysprecieux.com\\\/index.php\\\/restaurant\\\/\",\"name\":\"Restaurant -\",\"isPartOf\":{\"@id\":\"https:\\\/\\\/lespapysprecieux.com\\\/#website\"},\"primaryImageOfPage\":{\"@id\":\"https:\\\/\\\/lespapysprecieux.com\\\/index.php\\\/restaurant\\\/#primaryimage\"},\"image\":{\"@id\":\"https:\\\/\\\/lespapysprecieux.com\\\/index.php\\\/restaurant\\\/#primaryimage\"},\"thumbnailUrl\":\"https:\\\/\\\/lespapysprecieux.com\\\/wp-content\\\/uploads\\\/2026\\\/02\\\/IMG_9748-768x1024.jpg\",\"datePublished\":\"2026-01-20T12:10:17+00:00\",\"dateModified\":\"2026-02-27T13:05:28+00:00\",\"description\":\"Restaurant Saint-Avertin, Les Papys Pr\u00e9cieux propose une cuisine conviviale, des cocktails et une ambiance chaleureuse pr\u00e8s de Tours.\",\"breadcrumb\":{\"@id\":\"https:\\\/\\\/lespapysprecieux.com\\\/index.php\\\/restaurant\\\/#breadcrumb\"},\"inLanguage\":\"fr-FR\",\"potentialAction\":[{\"@type\":\"ReadAction\",\"target\":[\"https:\\\/\\\/lespapysprecieux.com\\\/index.php\\\/restaurant\\\/\"]}]},{\"@type\":\"ImageObject\",\"inLanguage\":\"fr-FR\",\"@id\":\"https:\\\/\\\/lespapysprecieux.com\\\/index.php\\\/restaurant\\\/#primaryimage\",\"url\":\"https:\\\/\\\/lespapysprecieux.com\\\/wp-content\\\/uploads\\\/2026\\\/02\\\/IMG_9748-scaled.jpg\",\"contentUrl\":\"https:\\\/\\\/lespapysprecieux.com\\\/wp-content\\\/uploads\\\/2026\\\/02\\\/IMG_9748-scaled.jpg\",\"width\":1920,\"height\":2560},{\"@type\":\"BreadcrumbList\",\"@id\":\"https:\\\/\\\/lespapysprecieux.com\\\/index.php\\\/restaurant\\\/#breadcrumb\",\"itemListElement\":[{\"@type\":\"ListItem\",\"position\":1,\"name\":\"Accueil\",\"item\":\"https:\\\/\\\/lespapysprecieux.com\\\/\"},{\"@type\":\"ListItem\",\"position\":2,\"name\":\"Restaurant\"}]},{\"@type\":\"WebSite\",\"@id\":\"https:\\\/\\\/lespapysprecieux.com\\\/#website\",\"url\":\"https:\\\/\\\/lespapysprecieux.com\\\/\",\"name\":\"Les Papys Pr\u00e9cieux\",\"description\":\"Une table sinc\u00e8re, un lieu vivant\",\"publisher\":{\"@id\":\"https:\\\/\\\/lespapysprecieux.com\\\/#organization\"},\"potentialAction\":[{\"@type\":\"SearchAction\",\"target\":{\"@type\":\"EntryPoint\",\"urlTemplate\":\"https:\\\/\\\/lespapysprecieux.com\\\/?s={search_term_string}\"},\"query-input\":{\"@type\":\"PropertyValueSpecification\",\"valueRequired\":true,\"valueName\":\"search_term_string\"}}],\"inLanguage\":\"fr-FR\"},{\"@type\":\"Organization\",\"@id\":\"https:\\\/\\\/lespapysprecieux.com\\\/#organization\",\"name\":\"Les Papys Pr\u00e9cieux\",\"url\":\"https:\\\/\\\/lespapysprecieux.com\\\/\",\"logo\":{\"@type\":\"ImageObject\",\"inLanguage\":\"fr-FR\",\"@id\":\"https:\\\/\\\/lespapysprecieux.com\\\/#\\\/schema\\\/logo\\\/image\\\/\",\"url\":\"https:\\\/\\\/lespapysprecieux.com\\\/wp-content\\\/uploads\\\/2026\\\/01\\\/cropped-logo-icone-site.png\",\"contentUrl\":\"https:\\\/\\\/lespapysprecieux.com\\\/wp-content\\\/uploads\\\/2026\\\/01\\\/cropped-logo-icone-site.png\",\"width\":512,\"height\":512,\"caption\":\"Les Papys Pr\u00e9cieux\"},\"image\":{\"@id\":\"https:\\\/\\\/lespapysprecieux.com\\\/#\\\/schema\\\/logo\\\/image\\\/\"},\"sameAs\":[\"https:\\\/\\\/www.facebook.com\\\/profile.php?id=61575708312964\",\"https:\\\/\\\/www.instagram.com\\\/lespapysprecieux\\\/\"]}]}<\/script>\n<!-- \/ Yoast SEO plugin. -->","yoast_head_json":{"title":"Restaurant -","description":"Restaurant Saint-Avertin, Les Papys Pr\u00e9cieux propose une cuisine conviviale, des cocktails et une ambiance chaleureuse pr\u00e8s de Tours.","robots":{"index":"index","follow":"follow","max-snippet":"max-snippet:-1","max-image-preview":"max-image-preview:large","max-video-preview":"max-video-preview:-1"},"canonical":"https:\/\/lespapysprecieux.com\/index.php\/restaurant\/","og_locale":"fr_FR","og_type":"article","og_title":"Restaurant -","og_description":"Restaurant Saint-Avertin, Les Papys Pr\u00e9cieux propose une cuisine conviviale, des cocktails et une ambiance chaleureuse pr\u00e8s de Tours.","og_url":"https:\/\/lespapysprecieux.com\/index.php\/restaurant\/","article_publisher":"https:\/\/www.facebook.com\/profile.php?id=61575708312964","article_modified_time":"2026-02-27T13:05:28+00:00","twitter_card":"summary_large_image","twitter_misc":{"Dur\u00e9e de lecture estim\u00e9e":"3 minutes"},"schema":{"@context":"https:\/\/schema.org","@graph":[{"@type":"WebPage","@id":"https:\/\/lespapysprecieux.com\/index.php\/restaurant\/","url":"https:\/\/lespapysprecieux.com\/index.php\/restaurant\/","name":"Restaurant -","isPartOf":{"@id":"https:\/\/lespapysprecieux.com\/#website"},"primaryImageOfPage":{"@id":"https:\/\/lespapysprecieux.com\/index.php\/restaurant\/#primaryimage"},"image":{"@id":"https:\/\/lespapysprecieux.com\/index.php\/restaurant\/#primaryimage"},"thumbnailUrl":"https:\/\/lespapysprecieux.com\/wp-content\/uploads\/2026\/02\/IMG_9748-768x1024.jpg","datePublished":"2026-01-20T12:10:17+00:00","dateModified":"2026-02-27T13:05:28+00:00","description":"Restaurant Saint-Avertin, Les Papys Pr\u00e9cieux propose une cuisine conviviale, des cocktails et une ambiance chaleureuse pr\u00e8s de Tours.","breadcrumb":{"@id":"https:\/\/lespapysprecieux.com\/index.php\/restaurant\/#breadcrumb"},"inLanguage":"fr-FR","potentialAction":[{"@type":"ReadAction","target":["https:\/\/lespapysprecieux.com\/index.php\/restaurant\/"]}]},{"@type":"ImageObject","inLanguage":"fr-FR","@id":"https:\/\/lespapysprecieux.com\/index.php\/restaurant\/#primaryimage","url":"https:\/\/lespapysprecieux.com\/wp-content\/uploads\/2026\/02\/IMG_9748-scaled.jpg","contentUrl":"https:\/\/lespapysprecieux.com\/wp-content\/uploads\/2026\/02\/IMG_9748-scaled.jpg","width":1920,"height":2560},{"@type":"BreadcrumbList","@id":"https:\/\/lespapysprecieux.com\/index.php\/restaurant\/#breadcrumb","itemListElement":[{"@type":"ListItem","position":1,"name":"Accueil","item":"https:\/\/lespapysprecieux.com\/"},{"@type":"ListItem","position":2,"name":"Restaurant"}]},{"@type":"WebSite","@id":"https:\/\/lespapysprecieux.com\/#website","url":"https:\/\/lespapysprecieux.com\/","name":"Les Papys Pr\u00e9cieux","description":"Une table sinc\u00e8re, un lieu vivant","publisher":{"@id":"https:\/\/lespapysprecieux.com\/#organization"},"potentialAction":[{"@type":"SearchAction","target":{"@type":"EntryPoint","urlTemplate":"https:\/\/lespapysprecieux.com\/?s={search_term_string}"},"query-input":{"@type":"PropertyValueSpecification","valueRequired":true,"valueName":"search_term_string"}}],"inLanguage":"fr-FR"},{"@type":"Organization","@id":"https:\/\/lespapysprecieux.com\/#organization","name":"Les Papys Pr\u00e9cieux","url":"https:\/\/lespapysprecieux.com\/","logo":{"@type":"ImageObject","inLanguage":"fr-FR","@id":"https:\/\/lespapysprecieux.com\/#\/schema\/logo\/image\/","url":"https:\/\/lespapysprecieux.com\/wp-content\/uploads\/2026\/01\/cropped-logo-icone-site.png","contentUrl":"https:\/\/lespapysprecieux.com\/wp-content\/uploads\/2026\/01\/cropped-logo-icone-site.png","width":512,"height":512,"caption":"Les Papys Pr\u00e9cieux"},"image":{"@id":"https:\/\/lespapysprecieux.com\/#\/schema\/logo\/image\/"},"sameAs":["https:\/\/www.facebook.com\/profile.php?id=61575708312964","https:\/\/www.instagram.com\/lespapysprecieux\/"]}]}},"_links":{"self":[{"href":"https:\/\/lespapysprecieux.com\/index.php\/wp-json\/wp\/v2\/pages\/52","targetHints":{"allow":["GET"]}}],"collection":[{"href":"https:\/\/lespapysprecieux.com\/index.php\/wp-json\/wp\/v2\/pages"}],"about":[{"href":"https:\/\/lespapysprecieux.com\/index.php\/wp-json\/wp\/v2\/types\/page"}],"author":[{"embeddable":true,"href":"https:\/\/lespapysprecieux.com\/index.php\/wp-json\/wp\/v2\/users\/1"}],"replies":[{"embeddable":true,"href":"https:\/\/lespapysprecieux.com\/index.php\/wp-json\/wp\/v2\/comments?post=52"}],"version-history":[{"count":54,"href":"https:\/\/lespapysprecieux.com\/index.php\/wp-json\/wp\/v2\/pages\/52\/revisions"}],"predecessor-version":[{"id":1126,"href":"https:\/\/lespapysprecieux.com\/index.php\/wp-json\/wp\/v2\/pages\/52\/revisions\/1126"}],"wp:attachment":[{"href":"https:\/\/lespapysprecieux.com\/index.php\/wp-json\/wp\/v2\/media?parent=52"}],"curies":[{"name":"wp","href":"https:\/\/api.w.org\/{rel}","templated":true}]}}