{"id":66,"date":"2026-01-20T13:15:50","date_gmt":"2026-01-20T12:15:50","guid":{"rendered":"https:\/\/lespapysprecieux.com\/?page_id=66"},"modified":"2026-02-04T13:59:52","modified_gmt":"2026-02-04T12:59:52","slug":"stand-up","status":"publish","type":"page","link":"https:\/\/lespapysprecieux.com\/index.php\/stand-up\/","title":{"rendered":"Stand Up"},"content":{"rendered":"\n<div class=\"wp-block-columns is-layout-flex wp-container-core-columns-is-layout-0b577f17 wp-block-columns-is-layout-flex\" style=\"padding-top:0;padding-right:0;padding-bottom:0;padding-left:0\">\n<div class=\"wp-block-column is-vertically-aligned-center is-layout-flow wp-block-column-is-layout-flow\">\n<p class=\"has-text-align-left has-accent-color has-text-color has-link-color has-small-font-size wp-elements-7bcb9d7bcf4559ad0d3c990afbdfa904\" style=\"font-style:normal;font-weight:600;text-transform:uppercase\"><strong>HUMOUR<\/strong><\/p>\n\n\n\n<p>Chez <strong>Les&nbsp;Papys Pr\u00e9cieux<\/strong>, le rire n\u2019a pas d\u2019\u00e2ge et <strong>l\u2019humour se partage<\/strong> sans mod\u00e9ration. Dans une ambiance conviviale et <strong>d\u00e9contract\u00e9e<\/strong>, le stand-up prend place pour des <strong>soir\u00e9es<\/strong> o\u00f9 l\u2019on vient autant pour passer un <strong>bon moment<\/strong> que pour repartir le sourire aux l\u00e8vres. Un <strong>lieu vivant<\/strong> et <strong>unique \u00e0 proximit\u00e9 de Tours<\/strong>, des <strong>artistes de la nouvelle g\u00e9n\u00e9ration<\/strong> ou bien des <strong>talents reconnus sur la sc\u00e8ne nationale<\/strong>, mais surtout une bonne dose de <strong>bonne humeur<\/strong>.<\/p>\n\n\n\n<div class=\"wp-block-buttons is-layout-flex wp-block-buttons-is-layout-flex\">\n<div class=\"wp-block-button is-style-outline is-style-outline--1\"><a class=\"wp-block-button__link has-black-color has-accent-background-color has-text-color has-background has-link-color wp-element-button\" href=\"https:\/\/yp.events\/o\/76826e3b-ca0d-4207-a73d-175e17d55ffd\" target=\"_blank\" rel=\"noreferrer noopener\"><strong>R\u00c9SERVEZ MAINTENANT<\/strong><\/a><\/div>\n<\/div>\n<\/div>\n\n\n\n<div class=\"wp-block-column is-layout-flow wp-block-column-is-layout-flow\" style=\"flex-basis:40%\">\n<figure class=\"wp-block-image size-full has-custom-border is-style-default\"><img loading=\"lazy\" decoding=\"async\" width=\"1920\" height=\"2560\" src=\"https:\/\/lespapysprecieux.com\/wp-content\/uploads\/2026\/02\/IMG_9909-scaled.jpg\" alt=\"\" class=\"wp-image-887\" style=\"border-radius:8px;aspect-ratio:1;object-fit:cover\" srcset=\"https:\/\/lespapysprecieux.com\/wp-content\/uploads\/2026\/02\/IMG_9909-scaled.jpg 1920w, https:\/\/lespapysprecieux.com\/wp-content\/uploads\/2026\/02\/IMG_9909-225x300.jpg 225w, https:\/\/lespapysprecieux.com\/wp-content\/uploads\/2026\/02\/IMG_9909-768x1024.jpg 768w, https:\/\/lespapysprecieux.com\/wp-content\/uploads\/2026\/02\/IMG_9909-1152x1536.jpg 1152w, https:\/\/lespapysprecieux.com\/wp-content\/uploads\/2026\/02\/IMG_9909-1536x2048.jpg 1536w\" sizes=\"auto, (max-width: 1920px) 100vw, 1920px\" \/><\/figure>\n<\/div>\n<\/div>\n\n\n\n<p>Stand-up avec des <strong>humoristes de la sc\u00e8ne locale ou nationale<\/strong>, <strong>formules 30\/30<\/strong>, m\u00ealant deux artistes pour une <strong>soir\u00e9e rythm\u00e9e<\/strong> et <strong>pleine de surprises<\/strong> !<\/p>\n\n\n\n<div style=\"height:50px\" aria-hidden=\"true\" class=\"wp-block-spacer\"><\/div>\n\n\n\n<figure class=\"wp-block-image size-large\"><img loading=\"lazy\" decoding=\"async\" width=\"1024\" height=\"768\" src=\"https:\/\/lespapysprecieux.com\/wp-content\/uploads\/2026\/02\/IMG_0008-4-1024x768.jpg\" alt=\"\" class=\"wp-image-1069\" srcset=\"https:\/\/lespapysprecieux.com\/wp-content\/uploads\/2026\/02\/IMG_0008-4-1024x768.jpg 1024w, https:\/\/lespapysprecieux.com\/wp-content\/uploads\/2026\/02\/IMG_0008-4-300x225.jpg 300w, https:\/\/lespapysprecieux.com\/wp-content\/uploads\/2026\/02\/IMG_0008-4-768x576.jpg 768w, https:\/\/lespapysprecieux.com\/wp-content\/uploads\/2026\/02\/IMG_0008-4-1536x1152.jpg 1536w, https:\/\/lespapysprecieux.com\/wp-content\/uploads\/2026\/02\/IMG_0008-4-2048x1536.jpg 2048w\" sizes=\"auto, (max-width: 1024px) 100vw, 1024px\" \/><figcaption class=\"wp-element-caption\">SOUVENIRS<\/figcaption><\/figure>\n\n\n\n<p><strong>Ils sont venus jouer chez nous : Elodie Arnould, Briac, Laurent Febvay, Pablo Caillot, Rony, Veufla et plein d&rsquo;autres !<\/strong><\/p>\n\n\n\n<div style=\"height:50px\" aria-hidden=\"true\" class=\"wp-block-spacer\"><\/div>\n","protected":false},"excerpt":{"rendered":"<p>HUMOUR Chez Les&nbsp;Papys Pr\u00e9cieux, le rire n\u2019a pas d\u2019\u00e2ge et l\u2019humour se partage sans mod\u00e9ration. Dans une ambiance conviviale et d\u00e9contract\u00e9e, le stand-up prend place pour des soir\u00e9es o\u00f9 l\u2019on vient autant pour passer un bon moment que pour repartir le sourire aux l\u00e8vres. Un lieu vivant et unique \u00e0 [&hellip;]<\/p>\n","protected":false},"author":1,"featured_media":0,"parent":0,"menu_order":0,"comment_status":"closed","ping_status":"closed","template":"","meta":{"footnotes":""},"class_list":["post-66","page","type-page","status-publish","hentry"],"yoast_head":"<!-- This site is optimized with the Yoast SEO plugin v27.3 - https:\/\/yoast.com\/product\/yoast-seo-wordpress\/ -->\n<title>Stand Up -<\/title>\n<meta name=\"robots\" content=\"index, follow, max-snippet:-1, max-image-preview:large, max-video-preview:-1\" \/>\n<link rel=\"canonical\" href=\"https:\/\/lespapysprecieux.com\/index.php\/stand-up\/\" \/>\n<meta property=\"og:locale\" content=\"fr_FR\" \/>\n<meta property=\"og:type\" content=\"article\" \/>\n<meta property=\"og:title\" content=\"Stand Up -\" \/>\n<meta property=\"og:description\" content=\"HUMOUR Chez Les&nbsp;Papys Pr\u00e9cieux, le rire n\u2019a pas d\u2019\u00e2ge et l\u2019humour se partage sans mod\u00e9ration. Dans une ambiance conviviale et d\u00e9contract\u00e9e, le stand-up prend place pour des soir\u00e9es o\u00f9 l\u2019on vient autant pour passer un bon moment que pour repartir le sourire aux l\u00e8vres. Un lieu vivant et unique \u00e0 [&hellip;]\" \/>\n<meta property=\"og:url\" content=\"https:\/\/lespapysprecieux.com\/index.php\/stand-up\/\" \/>\n<meta property=\"article:publisher\" content=\"https:\/\/www.facebook.com\/profile.php?id=61575708312964\" \/>\n<meta property=\"article:modified_time\" content=\"2026-02-04T12:59:52+00:00\" \/>\n<meta name=\"twitter:card\" content=\"summary_large_image\" \/>\n<meta name=\"twitter:label1\" content=\"Dur\u00e9e de lecture estim\u00e9e\" \/>\n\t<meta name=\"twitter:data1\" content=\"2 minutes\" \/>\n<script type=\"application\/ld+json\" class=\"yoast-schema-graph\">{\"@context\":\"https:\\\/\\\/schema.org\",\"@graph\":[{\"@type\":\"WebPage\",\"@id\":\"https:\\\/\\\/lespapysprecieux.com\\\/index.php\\\/stand-up\\\/\",\"url\":\"https:\\\/\\\/lespapysprecieux.com\\\/index.php\\\/stand-up\\\/\",\"name\":\"Stand Up -\",\"isPartOf\":{\"@id\":\"https:\\\/\\\/lespapysprecieux.com\\\/#website\"},\"primaryImageOfPage\":{\"@id\":\"https:\\\/\\\/lespapysprecieux.com\\\/index.php\\\/stand-up\\\/#primaryimage\"},\"image\":{\"@id\":\"https:\\\/\\\/lespapysprecieux.com\\\/index.php\\\/stand-up\\\/#primaryimage\"},\"thumbnailUrl\":\"https:\\\/\\\/lespapysprecieux.com\\\/wp-content\\\/uploads\\\/2026\\\/02\\\/IMG_9909-scaled.jpg\",\"datePublished\":\"2026-01-20T12:15:50+00:00\",\"dateModified\":\"2026-02-04T12:59:52+00:00\",\"breadcrumb\":{\"@id\":\"https:\\\/\\\/lespapysprecieux.com\\\/index.php\\\/stand-up\\\/#breadcrumb\"},\"inLanguage\":\"fr-FR\",\"potentialAction\":[{\"@type\":\"ReadAction\",\"target\":[\"https:\\\/\\\/lespapysprecieux.com\\\/index.php\\\/stand-up\\\/\"]}]},{\"@type\":\"ImageObject\",\"inLanguage\":\"fr-FR\",\"@id\":\"https:\\\/\\\/lespapysprecieux.com\\\/index.php\\\/stand-up\\\/#primaryimage\",\"url\":\"https:\\\/\\\/lespapysprecieux.com\\\/wp-content\\\/uploads\\\/2026\\\/02\\\/IMG_9909-scaled.jpg\",\"contentUrl\":\"https:\\\/\\\/lespapysprecieux.com\\\/wp-content\\\/uploads\\\/2026\\\/02\\\/IMG_9909-scaled.jpg\",\"width\":1920,\"height\":2560},{\"@type\":\"BreadcrumbList\",\"@id\":\"https:\\\/\\\/lespapysprecieux.com\\\/index.php\\\/stand-up\\\/#breadcrumb\",\"itemListElement\":[{\"@type\":\"ListItem\",\"position\":1,\"name\":\"Accueil\",\"item\":\"https:\\\/\\\/lespapysprecieux.com\\\/\"},{\"@type\":\"ListItem\",\"position\":2,\"name\":\"Stand Up\"}]},{\"@type\":\"WebSite\",\"@id\":\"https:\\\/\\\/lespapysprecieux.com\\\/#website\",\"url\":\"https:\\\/\\\/lespapysprecieux.com\\\/\",\"name\":\"Les Papys Pr\u00e9cieux\",\"description\":\"Une table sinc\u00e8re, un lieu vivant\",\"publisher\":{\"@id\":\"https:\\\/\\\/lespapysprecieux.com\\\/#organization\"},\"potentialAction\":[{\"@type\":\"SearchAction\",\"target\":{\"@type\":\"EntryPoint\",\"urlTemplate\":\"https:\\\/\\\/lespapysprecieux.com\\\/?s={search_term_string}\"},\"query-input\":{\"@type\":\"PropertyValueSpecification\",\"valueRequired\":true,\"valueName\":\"search_term_string\"}}],\"inLanguage\":\"fr-FR\"},{\"@type\":\"Organization\",\"@id\":\"https:\\\/\\\/lespapysprecieux.com\\\/#organization\",\"name\":\"Les Papys Pr\u00e9cieux\",\"url\":\"https:\\\/\\\/lespapysprecieux.com\\\/\",\"logo\":{\"@type\":\"ImageObject\",\"inLanguage\":\"fr-FR\",\"@id\":\"https:\\\/\\\/lespapysprecieux.com\\\/#\\\/schema\\\/logo\\\/image\\\/\",\"url\":\"https:\\\/\\\/lespapysprecieux.com\\\/wp-content\\\/uploads\\\/2026\\\/01\\\/cropped-logo-icone-site.png\",\"contentUrl\":\"https:\\\/\\\/lespapysprecieux.com\\\/wp-content\\\/uploads\\\/2026\\\/01\\\/cropped-logo-icone-site.png\",\"width\":512,\"height\":512,\"caption\":\"Les Papys Pr\u00e9cieux\"},\"image\":{\"@id\":\"https:\\\/\\\/lespapysprecieux.com\\\/#\\\/schema\\\/logo\\\/image\\\/\"},\"sameAs\":[\"https:\\\/\\\/www.facebook.com\\\/profile.php?id=61575708312964\",\"https:\\\/\\\/www.instagram.com\\\/lespapysprecieux\\\/\"]}]}<\/script>\n<!-- \/ Yoast SEO plugin. -->","yoast_head_json":{"title":"Stand Up -","robots":{"index":"index","follow":"follow","max-snippet":"max-snippet:-1","max-image-preview":"max-image-preview:large","max-video-preview":"max-video-preview:-1"},"canonical":"https:\/\/lespapysprecieux.com\/index.php\/stand-up\/","og_locale":"fr_FR","og_type":"article","og_title":"Stand Up -","og_description":"HUMOUR Chez Les&nbsp;Papys Pr\u00e9cieux, le rire n\u2019a pas d\u2019\u00e2ge et l\u2019humour se partage sans mod\u00e9ration. Dans une ambiance conviviale et d\u00e9contract\u00e9e, le stand-up prend place pour des soir\u00e9es o\u00f9 l\u2019on vient autant pour passer un bon moment que pour repartir le sourire aux l\u00e8vres. Un lieu vivant et unique \u00e0 [&hellip;]","og_url":"https:\/\/lespapysprecieux.com\/index.php\/stand-up\/","article_publisher":"https:\/\/www.facebook.com\/profile.php?id=61575708312964","article_modified_time":"2026-02-04T12:59:52+00:00","twitter_card":"summary_large_image","twitter_misc":{"Dur\u00e9e de lecture estim\u00e9e":"2 minutes"},"schema":{"@context":"https:\/\/schema.org","@graph":[{"@type":"WebPage","@id":"https:\/\/lespapysprecieux.com\/index.php\/stand-up\/","url":"https:\/\/lespapysprecieux.com\/index.php\/stand-up\/","name":"Stand Up -","isPartOf":{"@id":"https:\/\/lespapysprecieux.com\/#website"},"primaryImageOfPage":{"@id":"https:\/\/lespapysprecieux.com\/index.php\/stand-up\/#primaryimage"},"image":{"@id":"https:\/\/lespapysprecieux.com\/index.php\/stand-up\/#primaryimage"},"thumbnailUrl":"https:\/\/lespapysprecieux.com\/wp-content\/uploads\/2026\/02\/IMG_9909-scaled.jpg","datePublished":"2026-01-20T12:15:50+00:00","dateModified":"2026-02-04T12:59:52+00:00","breadcrumb":{"@id":"https:\/\/lespapysprecieux.com\/index.php\/stand-up\/#breadcrumb"},"inLanguage":"fr-FR","potentialAction":[{"@type":"ReadAction","target":["https:\/\/lespapysprecieux.com\/index.php\/stand-up\/"]}]},{"@type":"ImageObject","inLanguage":"fr-FR","@id":"https:\/\/lespapysprecieux.com\/index.php\/stand-up\/#primaryimage","url":"https:\/\/lespapysprecieux.com\/wp-content\/uploads\/2026\/02\/IMG_9909-scaled.jpg","contentUrl":"https:\/\/lespapysprecieux.com\/wp-content\/uploads\/2026\/02\/IMG_9909-scaled.jpg","width":1920,"height":2560},{"@type":"BreadcrumbList","@id":"https:\/\/lespapysprecieux.com\/index.php\/stand-up\/#breadcrumb","itemListElement":[{"@type":"ListItem","position":1,"name":"Accueil","item":"https:\/\/lespapysprecieux.com\/"},{"@type":"ListItem","position":2,"name":"Stand Up"}]},{"@type":"WebSite","@id":"https:\/\/lespapysprecieux.com\/#website","url":"https:\/\/lespapysprecieux.com\/","name":"Les Papys Pr\u00e9cieux","description":"Une table sinc\u00e8re, un lieu vivant","publisher":{"@id":"https:\/\/lespapysprecieux.com\/#organization"},"potentialAction":[{"@type":"SearchAction","target":{"@type":"EntryPoint","urlTemplate":"https:\/\/lespapysprecieux.com\/?s={search_term_string}"},"query-input":{"@type":"PropertyValueSpecification","valueRequired":true,"valueName":"search_term_string"}}],"inLanguage":"fr-FR"},{"@type":"Organization","@id":"https:\/\/lespapysprecieux.com\/#organization","name":"Les Papys Pr\u00e9cieux","url":"https:\/\/lespapysprecieux.com\/","logo":{"@type":"ImageObject","inLanguage":"fr-FR","@id":"https:\/\/lespapysprecieux.com\/#\/schema\/logo\/image\/","url":"https:\/\/lespapysprecieux.com\/wp-content\/uploads\/2026\/01\/cropped-logo-icone-site.png","contentUrl":"https:\/\/lespapysprecieux.com\/wp-content\/uploads\/2026\/01\/cropped-logo-icone-site.png","width":512,"height":512,"caption":"Les Papys Pr\u00e9cieux"},"image":{"@id":"https:\/\/lespapysprecieux.com\/#\/schema\/logo\/image\/"},"sameAs":["https:\/\/www.facebook.com\/profile.php?id=61575708312964","https:\/\/www.instagram.com\/lespapysprecieux\/"]}]}},"_links":{"self":[{"href":"https:\/\/lespapysprecieux.com\/index.php\/wp-json\/wp\/v2\/pages\/66","targetHints":{"allow":["GET"]}}],"collection":[{"href":"https:\/\/lespapysprecieux.com\/index.php\/wp-json\/wp\/v2\/pages"}],"about":[{"href":"https:\/\/lespapysprecieux.com\/index.php\/wp-json\/wp\/v2\/types\/page"}],"author":[{"embeddable":true,"href":"https:\/\/lespapysprecieux.com\/index.php\/wp-json\/wp\/v2\/users\/1"}],"replies":[{"embeddable":true,"href":"https:\/\/lespapysprecieux.com\/index.php\/wp-json\/wp\/v2\/comments?post=66"}],"version-history":[{"count":32,"href":"https:\/\/lespapysprecieux.com\/index.php\/wp-json\/wp\/v2\/pages\/66\/revisions"}],"predecessor-version":[{"id":1071,"href":"https:\/\/lespapysprecieux.com\/index.php\/wp-json\/wp\/v2\/pages\/66\/revisions\/1071"}],"wp:attachment":[{"href":"https:\/\/lespapysprecieux.com\/index.php\/wp-json\/wp\/v2\/media?parent=66"}],"curies":[{"name":"wp","href":"https:\/\/api.w.org\/{rel}","templated":true}]}}